{"id":19523,"date":"2023-11-30T14:06:47","date_gmt":"2023-11-30T06:06:47","guid":{"rendered":"http:\/\/shopali.cn\/product\/2023-china-training-foldable-power-wheelchair-for-disabled"},"modified":"2025-03-14T14:33:50","modified_gmt":"2025-03-14T06:33:50","slug":"high-back-reclining-folding-electric-wheelchair","status":"publish","type":"product","link":"https:\/\/www.hbevenice.com\/fr\/produit\/high-back-reclining-folding-electric-wheelchair","title":{"rendered":"Fauteuil roulant \u00e9lectrique inclinable et pliable \u00e0 dossier haut"},"content":{"rendered":"<p><img decoding=\"async\" loading=\"lazy\" class=\"alignnone size-full wp-image-20167\" src=\"https:\/\/www.hbevenice.com\/wp-content\/uploads\/2023\/11\/Detail-03.jpg\" alt=\"\" width=\"750\" height=\"1227\" srcset=\"https:\/\/www.hbevenice.com\/wp-content\/uploads\/2023\/11\/Detail-03.jpg 750w, https:\/\/www.hbevenice.com\/wp-content\/uploads\/2023\/11\/Detail-03-183x300.jpg 183w, https:\/\/www.hbevenice.com\/wp-content\/uploads\/2023\/11\/Detail-03-626x1024.jpg 626w, https:\/\/www.hbevenice.com\/wp-content\/uploads\/2023\/11\/Detail-03-7x12.jpg 7w, https:\/\/www.hbevenice.com\/wp-content\/uploads\/2023\/11\/Detail-03-600x982.jpg 600w, https:\/\/www.hbevenice.com\/wp-content\/uploads\/2023\/11\/Detail-03-150x245.jpg 150w\" sizes=\"(max-width: 750px) 100vw, 750px\" \/> <img decoding=\"async\" loading=\"lazy\" class=\"alignnone size-full wp-image-20168\" src=\"https:\/\/www.hbevenice.com\/wp-content\/uploads\/2023\/11\/Detail-04.jpg\" alt=\"\" width=\"750\" height=\"1716\" srcset=\"https:\/\/www.hbevenice.com\/wp-content\/uploads\/2023\/11\/Detail-04.jpg 750w, https:\/\/www.hbevenice.com\/wp-content\/uploads\/2023\/11\/Detail-04-131x300.jpg 131w, https:\/\/www.hbevenice.com\/wp-content\/uploads\/2023\/11\/Detail-04-448x1024.jpg 448w, https:\/\/www.hbevenice.com\/wp-content\/uploads\/2023\/11\/Detail-04-671x1536.jpg 671w, https:\/\/www.hbevenice.com\/wp-content\/uploads\/2023\/11\/Detail-04-5x12.jpg 5w, https:\/\/www.hbevenice.com\/wp-content\/uploads\/2023\/11\/Detail-04-600x1373.jpg 600w, https:\/\/www.hbevenice.com\/wp-content\/uploads\/2023\/11\/Detail-04-150x343.jpg 150w\" sizes=\"(max-width: 750px) 100vw, 750px\" \/> <img decoding=\"async\" loading=\"lazy\" class=\"alignnone size-full wp-image-20169\" src=\"https:\/\/www.hbevenice.com\/wp-content\/uploads\/2023\/11\/Main-07.jpg\" alt=\"\" width=\"750\" height=\"750\" srcset=\"https:\/\/www.hbevenice.com\/wp-content\/uploads\/2023\/11\/Main-07.jpg 750w, https:\/\/www.hbevenice.com\/wp-content\/uploads\/2023\/11\/Main-07-300x300.jpg 300w, https:\/\/www.hbevenice.com\/wp-content\/uploads\/2023\/11\/Main-07-150x150.jpg 150w, https:\/\/www.hbevenice.com\/wp-content\/uploads\/2023\/11\/Main-07-12x12.jpg 12w, https:\/\/www.hbevenice.com\/wp-content\/uploads\/2023\/11\/Main-07-600x600.jpg 600w\" sizes=\"(max-width: 750px) 100vw, 750px\" \/><h3 id=\"ask-for-quote\">Get A Quote<\/h3>\r\n<script type=\"text\/javascript\">var gform;gform||(document.addEventListener(\"gform_main_scripts_loaded\",function(){gform.scriptsLoaded=!0}),window.addEventListener(\"DOMContentLoaded\",function(){gform.domLoaded=!0}),gform={domLoaded:!1,scriptsLoaded:!1,initializeOnLoaded:function(o){gform.domLoaded&&gform.scriptsLoaded?o():!gform.domLoaded&&gform.scriptsLoaded?window.addEventListener(\"DOMContentLoaded\",o):document.addEventListener(\"gform_main_scripts_loaded\",o)},hooks:{action:{},filter:{}},addAction:function(o,n,r,t){gform.addHook(\"action\",o,n,r,t)},addFilter:function(o,n,r,t){gform.addHook(\"filter\",o,n,r,t)},doAction:function(o){gform.doHook(\"action\",o,arguments)},applyFilters:function(o){return gform.doHook(\"filter\",o,arguments)},removeAction:function(o,n){gform.removeHook(\"action\",o,n)},removeFilter:function(o,n,r){gform.removeHook(\"filter\",o,n,r)},addHook:function(o,n,r,t,i){null==gform.hooks[o][n]&&(gform.hooks[o][n]=[]);var e=gform.hooks[o][n];null==i&&(i=n+\"_\"+e.length),gform.hooks[o][n].push({tag:i,callable:r,priority:t=null==t?10:t})},doHook:function(n,o,r){var t;if(r=Array.prototype.slice.call(r,1),null!=gform.hooks[n][o]&&((o=gform.hooks[n][o]).sort(function(o,n){return o.priority-n.priority}),o.forEach(function(o){\"function\"!=typeof(t=o.callable)&&(t=window[t]),\"action\"==n?t.apply(null,r):r[0]=t.apply(null,r)})),\"filter\"==n)return r[0]},removeHook:function(o,n,t,i){var r;null!=gform.hooks[o][n]&&(r=(r=gform.hooks[o][n]).filter(function(o,n,r){return!!(null!=i&&i!=o.tag||null!=t&&t!=o.priority)}),gform.hooks[o][n]=r)}});<\/script>\n                <div class='gf_browser_gecko gform_wrapper gravity-theme gform-theme--no-framework' data-form-theme='gravity-theme' data-form-index='0' id='gform_wrapper_3' ><div id='gf_3' class='gform_anchor' tabindex='-1'><\/div>\n                        <div class='gform_heading'>\n\t\t\t\t\t\t\t<p class='gform_required_legend'>\u00ab\u00a0<span class=\"gfield_required gfield_required_asterisk\">*<\/span>\u00a0\u00bb indique les champs n\u00e9cessaires<\/p>\n                        <\/div><form method='post' enctype='multipart\/form-data' target='gform_ajax_frame_3' id='gform_3'  action='\/fr\/wp-json\/wp\/v2\/product\/19523#gf_3' data-formid='3' novalidate data-trp-original-action=\"\/fr\/wp-json\/wp\/v2\/product\/19523#gf_3\">\n                        <div class='gform-body gform_body'><div id='gform_fields_3' class='gform_fields top_label form_sublabel_below description_below'><div id=\"field_3_1\"  class=\"gfield gfield--type-text gfield--width-half gfield_contains_required field_sublabel_below gfield--no-description field_description_below gfield_visibility_visible\"  data-js-reload=\"field_3_1\"><label class='gfield_label gform-field-label screen-reader-text' for='input_3_1' >Nom *<span class=\"gfield_required\"><span class=\"gfield_required gfield_required_asterisk\">*<\/span><\/span><\/label><div class='ginput_container ginput_container_text'><input name='input_1' id='input_3_1' type='text' value='' class='large'    placeholder='Nom *' aria-required=\"true\" aria-invalid=\"false\"   \/> <\/div><\/div><div id=\"field_3_2\"  class=\"gfield gfield--type-email gfield--width-half gfield_contains_required field_sublabel_below gfield--no-description field_description_below gfield_visibility_visible\"  data-js-reload=\"field_3_2\"><label class='gfield_label gform-field-label screen-reader-text' for='input_3_2' >Courriel *<span class=\"gfield_required\"><span class=\"gfield_required gfield_required_asterisk\">*<\/span><\/span><\/label><div class='ginput_container ginput_container_email'>\n                            <input name='input_2' id='input_3_2' type='email' value='' class='large'   placeholder='Courriel *' aria-required=\"true\" aria-invalid=\"false\"  \/>\n                        <\/div><\/div><div id=\"field_3_3\"  class=\"gfield gfield--type-phone gfield--width-half field_sublabel_below gfield--no-description field_description_below gfield_visibility_visible\"  data-js-reload=\"field_3_3\"><label class='gfield_label gform-field-label screen-reader-text' for='input_3_3' >T\u00e9l\u00e9phone<\/label><div class='ginput_container ginput_container_phone'><input name='input_3' id='input_3_3' type='tel' value='' class='large'  placeholder='T\u00e9l\u00e9phone'  aria-invalid=\"false\"   \/><\/div><\/div><div id=\"field_3_4\"  class=\"gfield gfield--type-text gfield--width-half field_sublabel_below gfield--no-description field_description_below gfield_visibility_visible\"  data-js-reload=\"field_3_4\"><label class='gfield_label gform-field-label screen-reader-text' for='input_3_4' >WhatsAPP<\/label><div class='ginput_container ginput_container_text'><input name='input_4' id='input_3_4' type='text' value='' class='large'    placeholder='WhatsAPP'  aria-invalid=\"false\"   \/> <\/div><\/div><div id=\"field_3_5\"  class=\"gfield gfield--type-textarea gfield--width-full gfield_contains_required field_sublabel_below gfield--no-description field_description_below gfield_visibility_visible\"  data-js-reload=\"field_3_5\"><label class='gfield_label gform-field-label screen-reader-text' for='input_3_5' >Commentaire ou message *<span class=\"gfield_required\"><span class=\"gfield_required gfield_required_asterisk\">*<\/span><\/span><\/label><div class='ginput_container ginput_container_textarea'><textarea name='input_5' id='input_3_5' class='textarea small'    placeholder='Commentaire ou message *' aria-required=\"true\" aria-invalid=\"false\"   rows='10' cols='50'><\/textarea><\/div><\/div><div id=\"field_3_6\"  class=\"gfield gfield--type-honeypot gform_validation_container field_sublabel_below gfield--has-description field_description_below gfield_visibility_visible\"  data-js-reload=\"field_3_6\"><label class='gfield_label gform-field-label' for='input_3_6' >Nom<\/label><div class='ginput_container'><input name='input_6' id='input_3_6' type='text' value='' autocomplete='new-password'\/><\/div><div class='gfield_description' id='gfield_description_3_6'>Ce champ n\u2019est utilis\u00e9 qu\u2019\u00e0 des fins de validation et devrait rester inchang\u00e9.<\/div><\/div><\/div><\/div>\n        <div class='gform_footer top_label'> <input type='submit' id='gform_submit_button_3' class='gform_button button' value='Envoyer une demande de renseignements Maintenant'  onclick='if(window[\"gf_submitting_3\"]){return false;}  if( !jQuery(\"#gform_3\")[0].checkValidity || jQuery(\"#gform_3\")[0].checkValidity()){window[\"gf_submitting_3\"]=true;}  ' onkeypress='if( event.keyCode == 13 ){ if(window[\"gf_submitting_3\"]){return false;} if( !jQuery(\"#gform_3\")[0].checkValidity || jQuery(\"#gform_3\")[0].checkValidity()){window[\"gf_submitting_3\"]=true;}  jQuery(\"#gform_3\").trigger(\"submit\",[true]); }' \/> <input type='hidden' name='gform_ajax' value='form_id=3&amp;title=&amp;description=&amp;tabindex=0' \/>\n            <input type='hidden' class='gform_hidden' name='is_submit_3' value='1' \/>\n            <input type='hidden' class='gform_hidden' name='gform_submit' value='3' \/>\n            \n            <input type='hidden' class='gform_hidden' name='gform_unique_id' value='' \/>\n            <input type='hidden' class='gform_hidden' name='state_3' value='WyJbXSIsIjJlYzI0OTMyNzg4OWIzMzJhMjMwM2Q0NTYxM2E3ODhiIl0=' \/>\n            <input type='hidden' class='gform_hidden' name='gform_target_page_number_3' id='gform_target_page_number_3' value='0' \/>\n            <input type='hidden' class='gform_hidden' name='gform_source_page_number_3' id='gform_source_page_number_3' value='1' \/>\n            <input type='hidden' name='gform_field_values' value='' \/>\n            \n        <\/div>\n                        <p style=\"display: none !important;\" class=\"akismet-fields-container\" data-prefix=\"ak_\"><label>&#916;<textarea name=\"ak_hp_textarea\" cols=\"45\" rows=\"8\" maxlength=\"100\"><\/textarea><\/label><input type=\"hidden\" id=\"ak_js_1\" name=\"ak_js\" value=\"7\"\/><script>document.getElementById( \"ak_js_1\" ).setAttribute( \"value\", ( new Date() ).getTime() );<\/script><\/p><input type=\"hidden\" name=\"trp-form-language\" value=\"fr\"\/><\/form>\n                        <\/div>\n\t\t                <iframe style='display:none;width:0px;height:0px;' src='about:blank' name='gform_ajax_frame_3' id='gform_ajax_frame_3' title='Cette iframe contient la logique n\u00e9cessaire pour manipuler Gravity Forms avec Ajax.'><\/iframe>\n\t\t                <script type=\"text\/javascript\">\ngform.initializeOnLoaded( function() {gformInitSpinner( 3, 'https:\/\/www.hbevenice.com\/wp-content\/plugins\/gravityforms\/images\/spinner.svg', true );jQuery('#gform_ajax_frame_3').on('load',function(){var contents = jQuery(this).contents().find('*').html();var is_postback = contents.indexOf('GF_AJAX_POSTBACK') >= 0;if(!is_postback){return;}var form_content = jQuery(this).contents().find('#gform_wrapper_3');var is_confirmation = jQuery(this).contents().find('#gform_confirmation_wrapper_3').length > 0;var is_redirect = contents.indexOf('gformRedirect(){') >= 0;var is_form = form_content.length > 0 && ! is_redirect && ! is_confirmation;var mt = parseInt(jQuery('html').css('margin-top'), 10) + parseInt(jQuery('body').css('margin-top'), 10) + 100;if(is_form){jQuery('#gform_wrapper_3').html(form_content.html());if(form_content.hasClass('gform_validation_error')){jQuery('#gform_wrapper_3').addClass('gform_validation_error');} else {jQuery('#gform_wrapper_3').removeClass('gform_validation_error');}setTimeout( function() { \/* delay the scroll by 50 milliseconds to fix a bug in chrome *\/ jQuery(document).scrollTop(jQuery('#gform_wrapper_3').offset().top - mt); }, 50 );if(window['gformInitDatepicker']) {gformInitDatepicker();}if(window['gformInitPriceFields']) {gformInitPriceFields();}var current_page = jQuery('#gform_source_page_number_3').val();gformInitSpinner( 3, 'https:\/\/www.hbevenice.com\/wp-content\/plugins\/gravityforms\/images\/spinner.svg', true );jQuery(document).trigger('gform_page_loaded', [3, current_page]);window['gf_submitting_3'] = false;}else if(!is_redirect){var confirmation_content = jQuery(this).contents().find('.GF_AJAX_POSTBACK').html();if(!confirmation_content){confirmation_content = contents;}setTimeout(function(){jQuery('#gform_wrapper_3').replaceWith(confirmation_content);jQuery(document).scrollTop(jQuery('#gf_3').offset().top - mt);jQuery(document).trigger('gform_confirmation_loaded', [3]);window['gf_submitting_3'] = false;wp.a11y.speak(jQuery('#gform_confirmation_message_3').text());}, 50);}else{jQuery('#gform_3').append(contents);if(window['gformRedirect']) {gformRedirect();}}jQuery(document).trigger('gform_post_render', [3, current_page]);gform.utils.trigger({ event: 'gform\/postRender', native: false, data: { formId: 3, currentPage: current_page } });} );} );\n<\/script>\n<\/p>","protected":false},"excerpt":{"rendered":"<ul class=\"a-unordered-list a-vertical a-spacing-mini\" data-immersive-translate-walked=\"3733413e-30f6-4c47-a5bc-4ace35fb5c58\">\n<li class=\"a-spacing-mini\" data-immersive-translate-walked=\"3733413e-30f6-4c47-a5bc-4ace35fb5c58\"><span class=\"a-list-item\" data-immersive-translate-walked=\"3733413e-30f6-4c47-a5bc-4ace35fb5c58\" data-immersive-translate-paragraph=\"1\">Le syst\u00e8me de freinage s'arr\u00eate imm\u00e9diatement apr\u00e8s avoir rel\u00e2ch\u00e9 la main, ne glisse pas, est s\u00fbr et fiable, et est facile \u00e0 utiliser, de sorte que vous pouvez vous arr\u00eater rapidement d'une seule main.<\/span><\/li>\n<li class=\"a-spacing-mini\" data-immersive-translate-walked=\"3733413e-30f6-4c47-a5bc-4ace35fb5c58\"><span class=\"a-list-item\" data-immersive-translate-walked=\"3733413e-30f6-4c47-a5bc-4ace35fb5c58\" data-immersive-translate-paragraph=\"1\">Joystick 360\u00b0 \u00e9tanche et anti-corrosion, anti-interf\u00e9rence \u00e9lectromagn\u00e9tique ; \u00e9quip\u00e9 d'un syst\u00e8me de parking manuel, d'un amortisseur et d'une roue anti-roulis pour assurer votre s\u00e9curit\u00e9, votre stabilit\u00e9 et votre confort.<\/span><\/li>\n<li class=\"a-spacing-mini\" data-immersive-translate-walked=\"3733413e-30f6-4c47-a5bc-4ace35fb5c58\"><span class=\"a-list-item\" data-immersive-translate-walked=\"3733413e-30f6-4c47-a5bc-4ace35fb5c58\" data-immersive-translate-paragraph=\"1\">L'angle du dossier de la roue \u00e9lectrique et de l'appui-t\u00eate peut \u00eatre r\u00e9gl\u00e9 librement, et le dossier peut \u00eatre pli\u00e9 ; le coussin d'air peut \u00eatre utilis\u00e9 en hiver et en \u00e9t\u00e9, et est facile \u00e0 nettoyer.<\/span><\/li>\n<\/ul>","protected":false},"featured_media":19749,"comment_status":"closed","ping_status":"closed","template":"","meta":[],"product_cat":[110,80],"product_tag":[142],"yoast_head":"<!-- This site is optimized with the Yoast SEO Premium plugin v21.3 (Yoast SEO v21.3) - https:\/\/yoast.com\/wordpress\/plugins\/seo\/ -->\n<title>Reclining Folding High Back Electric Wheelchair - Enace<\/title>\n<meta name=\"description\" content=\"The brake system stops immediately after releasing the hand,does not slide,is safe and reliable,and is easy to operate,so you can stop quickly with one hand  360\u00b0 joystick waterproof and anti-corrosion protection,anti-electromagnetic interference;equipped with manual parking system,shock absorber and anti-rolling wheel to ensure your safety,stability and comfort  The angle of the electric wheel backrest and headrest can be adjusted freely,and the backrest can be folded;the air cushion can be used in winter and summer,easy to clean\" \/>\n<meta name=\"robots\" content=\"index, follow, max-snippet:-1, max-image-preview:large, max-video-preview:-1\" \/>\n<link rel=\"canonical\" href=\"https:\/\/www.hbevenice.com\/fr\/produit\/high-back-reclining-folding-electric-wheelchair\/\" \/>\n<script type=\"application\/ld+json\" class=\"yoast-schema-graph\">{\"@context\":\"https:\/\/schema.org\",\"@graph\":[{\"@type\":\"WebPage\",\"@id\":\"https:\/\/www.hbevenice.com\/product\/high-back-reclining-folding-electric-wheelchair\",\"url\":\"https:\/\/www.hbevenice.com\/product\/high-back-reclining-folding-electric-wheelchair\",\"name\":\"Reclining Folding High Back Electric Wheelchair - Enace\",\"isPartOf\":{\"@id\":\"https:\/\/www.hbevenice.com\/ru\/#website\"},\"datePublished\":\"2023-11-30T06:06:47+00:00\",\"dateModified\":\"2025-03-14T06:33:50+00:00\",\"description\":\"The brake system stops immediately after releasing the hand,does not slide,is safe and reliable,and is easy to operate,so you can stop quickly with one hand 360\u00b0 joystick waterproof and anti-corrosion protection,anti-electromagnetic interference;equipped with manual parking system,shock absorber and anti-rolling wheel to ensure your safety,stability and comfort The angle of the electric wheel backrest and headrest can be adjusted freely,and the backrest can be folded;the air cushion can be used in winter and summer,easy to clean\",\"breadcrumb\":{\"@id\":\"https:\/\/www.hbevenice.com\/product\/high-back-reclining-folding-electric-wheelchair#breadcrumb\"},\"inLanguage\":\"fr-FR\",\"potentialAction\":[{\"@type\":\"ReadAction\",\"target\":[\"https:\/\/www.hbevenice.com\/product\/high-back-reclining-folding-electric-wheelchair\"]}]},{\"@type\":\"BreadcrumbList\",\"@id\":\"https:\/\/www.hbevenice.com\/product\/high-back-reclining-folding-electric-wheelchair#breadcrumb\",\"itemListElement\":[{\"@type\":\"ListItem\",\"position\":1,\"name\":\"Home\",\"item\":\"https:\/\/www.hbevenice.com\/\"},{\"@type\":\"ListItem\",\"position\":2,\"name\":\"Products\",\"item\":\"https:\/\/www.hbevenice.com\/products\"},{\"@type\":\"ListItem\",\"position\":3,\"name\":\"Reclining Folding High Back Electric Wheelchair\"}]},{\"@type\":\"WebSite\",\"@id\":\"https:\/\/www.hbevenice.com\/ru\/#website\",\"url\":\"https:\/\/www.hbevenice.com\/ru\/\",\"name\":\"Enace\",\"description\":\"\",\"potentialAction\":[{\"@type\":\"SearchAction\",\"target\":{\"@type\":\"EntryPoint\",\"urlTemplate\":\"https:\/\/www.hbevenice.com\/ru\/?s={search_term_string}\"},\"query-input\":\"required name=search_term_string\"}],\"inLanguage\":\"fr-FR\"}]}<\/script>\n<!-- \/ Yoast SEO Premium plugin. -->","yoast_head_json":{"title":"Reclining Folding High Back Electric Wheelchair - Enace","description":"The brake system stops immediately after releasing the hand,does not slide,is safe and reliable,and is easy to operate,so you can stop quickly with one hand  360\u00b0 joystick waterproof and anti-corrosion protection,anti-electromagnetic interference;equipped with manual parking system,shock absorber and anti-rolling wheel to ensure your safety,stability and comfort  The angle of the electric wheel backrest and headrest can be adjusted freely,and the backrest can be folded;the air cushion can be used in winter and summer,easy to clean","robots":{"index":"index","follow":"follow","max-snippet":"max-snippet:-1","max-image-preview":"max-image-preview:large","max-video-preview":"max-video-preview:-1"},"canonical":"https:\/\/www.hbevenice.com\/fr\/produit\/high-back-reclining-folding-electric-wheelchair\/","schema":{"@context":"https:\/\/schema.org","@graph":[{"@type":"WebPage","@id":"https:\/\/www.hbevenice.com\/product\/high-back-reclining-folding-electric-wheelchair","url":"https:\/\/www.hbevenice.com\/product\/high-back-reclining-folding-electric-wheelchair","name":"Reclining Folding High Back Electric Wheelchair - Enace","isPartOf":{"@id":"https:\/\/www.hbevenice.com\/ru\/#website"},"datePublished":"2023-11-30T06:06:47+00:00","dateModified":"2025-03-14T06:33:50+00:00","description":"The brake system stops immediately after releasing the hand,does not slide,is safe and reliable,and is easy to operate,so you can stop quickly with one hand 360\u00b0 joystick waterproof and anti-corrosion protection,anti-electromagnetic interference;equipped with manual parking system,shock absorber and anti-rolling wheel to ensure your safety,stability and comfort The angle of the electric wheel backrest and headrest can be adjusted freely,and the backrest can be folded;the air cushion can be used in winter and summer,easy to clean","breadcrumb":{"@id":"https:\/\/www.hbevenice.com\/product\/high-back-reclining-folding-electric-wheelchair#breadcrumb"},"inLanguage":"fr-FR","potentialAction":[{"@type":"ReadAction","target":["https:\/\/www.hbevenice.com\/product\/high-back-reclining-folding-electric-wheelchair"]}]},{"@type":"BreadcrumbList","@id":"https:\/\/www.hbevenice.com\/product\/high-back-reclining-folding-electric-wheelchair#breadcrumb","itemListElement":[{"@type":"ListItem","position":1,"name":"Home","item":"https:\/\/www.hbevenice.com\/"},{"@type":"ListItem","position":2,"name":"Products","item":"https:\/\/www.hbevenice.com\/products"},{"@type":"ListItem","position":3,"name":"Reclining Folding High Back Electric Wheelchair"}]},{"@type":"WebSite","@id":"https:\/\/www.hbevenice.com\/ru\/#website","url":"https:\/\/www.hbevenice.com\/ru\/","name":"Enace","description":"","potentialAction":[{"@type":"SearchAction","target":{"@type":"EntryPoint","urlTemplate":"https:\/\/www.hbevenice.com\/ru\/?s={search_term_string}"},"query-input":"required name=search_term_string"}],"inLanguage":"fr-FR"}]}},"_links":{"self":[{"href":"https:\/\/www.hbevenice.com\/fr\/wp-json\/wp\/v2\/product\/19523"}],"collection":[{"href":"https:\/\/www.hbevenice.com\/fr\/wp-json\/wp\/v2\/product"}],"about":[{"href":"https:\/\/www.hbevenice.com\/fr\/wp-json\/wp\/v2\/types\/product"}],"replies":[{"embeddable":true,"href":"https:\/\/www.hbevenice.com\/fr\/wp-json\/wp\/v2\/comments?post=19523"}],"wp:featuredmedia":[{"embeddable":true,"href":"https:\/\/www.hbevenice.com\/fr\/wp-json\/wp\/v2\/media\/19749"}],"wp:attachment":[{"href":"https:\/\/www.hbevenice.com\/fr\/wp-json\/wp\/v2\/media?parent=19523"}],"wp:term":[{"taxonomy":"product_cat","embeddable":true,"href":"https:\/\/www.hbevenice.com\/fr\/wp-json\/wp\/v2\/product_cat?post=19523"},{"taxonomy":"product_tag","embeddable":true,"href":"https:\/\/www.hbevenice.com\/fr\/wp-json\/wp\/v2\/product_tag?post=19523"}],"curies":[{"name":"wp","href":"https:\/\/api.w.org\/{rel}","templated":true}]}}